{"id":22,"date":"2025-04-28T11:51:58","date_gmt":"2025-04-28T11:51:58","guid":{"rendered":"https:\/\/apbterapeuta.seraphinproject.pl\/?page_id=22"},"modified":"2025-05-25T18:12:19","modified_gmt":"2025-05-25T18:12:19","slug":"o-mnie","status":"publish","type":"page","link":"https:\/\/apbterapeuta.pl\/?page_id=22","title":{"rendered":"O Mnie"},"content":{"rendered":"\n<div class=\"wp-block-columns is-layout-flex wp-container-core-columns-is-layout-9d6595d7 wp-block-columns-is-layout-flex\">\n<div class=\"wp-block-column is-layout-flow wp-block-column-is-layout-flow\" style=\"flex-basis:50%\">\n<p>Nazywam si\u0119 Agnieszka Plajzer-Brzoza i jestem terapeut\u0105 z ponad 12-letnim do\u015bwiadczeniem w pracy z dzie\u0107mi, m\u0142odzie\u017c\u0105 oraz doros\u0142ymi.<br><br>Przez lata mojej praktyki zdoby\u0142am szerok\u0105 wiedz\u0119 i umiej\u0119tno\u015bci, kt\u00f3re pozwalaj\u0105 mi oferowa\u0107 kompleksowe i holistyczne wsparcie \u2013 obejmuj\u0105ce nie tylko sfer\u0119 psychiczn\u0105, ale r\u00f3wnie\u017c fizyczn\u0105 i spo\u0142eczn\u0105. W swojej pracy \u0142\u0105cz\u0119 r\u00f3\u017cne formy terapii: od pomocy psychologiczno-pedagogicznej, przez terapi\u0119 r\u0119ki, a\u017c po gimnastyk\u0119 korekcyjn\u0105 i Trening Umiej\u0119tno\u015bci Spo\u0142ecznych (TUS).<\/p>\n\n\n\n<p><\/p>\n<\/div>\n\n\n\n<div class=\"wp-block-column is-layout-flow wp-block-column-is-layout-flow\" style=\"flex-basis:50%\"><div class=\"wp-block-image\">\n<figure class=\"aligncenter size-full\"><img loading=\"lazy\" decoding=\"async\" width=\"1440\" height=\"1440\" src=\"https:\/\/apbterapeuta.pl\/wp-content\/uploads\/2025\/05\/IMG_20250117_120838_243.webp\" alt=\"\" class=\"wp-image-58\" style=\"object-fit:cover\" srcset=\"https:\/\/apbterapeuta.pl\/wp-content\/uploads\/2025\/05\/IMG_20250117_120838_243.webp 1440w, https:\/\/apbterapeuta.pl\/wp-content\/uploads\/2025\/05\/IMG_20250117_120838_243-300x300.webp 300w, https:\/\/apbterapeuta.pl\/wp-content\/uploads\/2025\/05\/IMG_20250117_120838_243-1024x1024.webp 1024w, https:\/\/apbterapeuta.pl\/wp-content\/uploads\/2025\/05\/IMG_20250117_120838_243-150x150.webp 150w, https:\/\/apbterapeuta.pl\/wp-content\/uploads\/2025\/05\/IMG_20250117_120838_243-768x768.webp 768w\" sizes=\"auto, (max-width: 1440px) 100vw, 1440px\" \/><\/figure><\/div><\/div>\n<\/div>\n\n\n\n<div class=\"wp-block-columns is-layout-flex wp-container-core-columns-is-layout-9d6595d7 wp-block-columns-is-layout-flex\">\n<div class=\"wp-block-column is-layout-flow wp-block-column-is-layout-flow\" style=\"flex-basis:100%\">\n<div class=\"wp-block-columns is-layout-flex wp-container-core-columns-is-layout-9d6595d7 wp-block-columns-is-layout-flex\">\n<div class=\"wp-block-column is-layout-flow wp-block-column-is-layout-flow\" style=\"flex-basis:100%\">\n<div class=\"wp-block-group is-nowrap is-layout-flex wp-container-core-group-is-layout-ad2f72ca wp-block-group-is-layout-flex\">\n<p>Wierz\u0119, \u017ce ka\u017cdy cz\u0142owiek to niepowtarzalna ca\u0142o\u015b\u0107 \u2013 z unikalnymi do\u015bwiadczeniami, potrzebami i potencja\u0142em. Dlatego moje podej\u015bcie terapeutyczne jest zawsze indywidualne, ca\u0142o\u015bciowe i koncentrowane na osobie. Nie skupiam si\u0119 jedynie na objawach, ale szukam g\u0142\u0119bszych przyczyn trudno\u015bci oraz mo\u017cliwo\u015bci rozwoju w r\u00f3\u017cnych obszarach funkcjonowania.<br><br>Pomagam zar\u00f3wno dzieciom, jak i m\u0142odzie\u017cy oraz doros\u0142ym \u2013 w obszarach emocjonalnych, wychowawczych, edukacyjnych i ruchowych. Stale poszerzam swoje kwalifikacje, uczestnicz\u0105c w kursach i szkoleniach, by jak najlepiej odpowiada\u0107 na potrzeby moich podopiecznych.<br><br>Dzi\u0119ki \u0142\u0105czeniu r\u00f3\u017cnych metod i perspektyw mog\u0119 wspiera\u0107 rozw\u00f3j, budowa\u0107 pewno\u015b\u0107 siebie, wspomaga\u0107 korekcj\u0119 postawy, usprawnia\u0107 funkcje manualne i spo\u0142eczne, a tak\u017ce wspiera\u0107 zdrowie psychiczne. W pracy kieruj\u0119 si\u0119 empati\u0105, szacunkiem i zaufaniem, bo to one s\u0105 fundamentem skutecznej terapii i dobrej relacji z drugim cz\u0142owiekiem.<br><br>Je\u015bli masz pytania lub chcesz um\u00f3wi\u0107 si\u0119 na spotkanie, zapraszam do kontaktu!<\/p>\n\n\n\n<div class=\"wp-block-columns are-vertically-aligned-center is-layout-flex wp-container-core-columns-is-layout-9d6595d7 wp-block-columns-is-layout-flex\">\n<div class=\"wp-block-column is-vertically-aligned-center is-layout-flow wp-block-column-is-layout-flow\"><\/div>\n<\/div>\n\n\n\n<p><br><\/p>\n<\/div>\n<\/div>\n<\/div>\n<\/div>\n<\/div>\n\n\n\n<div class=\"wp-block-columns is-layout-flex wp-container-core-columns-is-layout-9d6595d7 wp-block-columns-is-layout-flex\">\n<div class=\"wp-block-column is-layout-flow wp-block-column-is-layout-flow\"><\/div>\n<\/div>\n\n\n\n<p><\/p>\n","protected":false},"excerpt":{"rendered":"<p>Nazywam si\u0119 Agnieszka Plajzer-Brzoza i jestem terapeut\u0105 z ponad 12-letnim do\u015bwiadczeniem w pracy z dzie\u0107mi, m\u0142odzie\u017c\u0105 oraz doros\u0142ymi. Przez lata &hellip; <\/p>\n","protected":false},"author":1,"featured_media":0,"parent":0,"menu_order":0,"comment_status":"closed","ping_status":"closed","template":"","meta":{"_coachify_sidebar_layout":"","footnotes":""},"class_list":["post-22","page","type-page","status-publish","hentry","image-hover-transition-effect"],"_links":{"self":[{"href":"https:\/\/apbterapeuta.pl\/index.php?rest_route=\/wp\/v2\/pages\/22","targetHints":{"allow":["GET"]}}],"collection":[{"href":"https:\/\/apbterapeuta.pl\/index.php?rest_route=\/wp\/v2\/pages"}],"about":[{"href":"https:\/\/apbterapeuta.pl\/index.php?rest_route=\/wp\/v2\/types\/page"}],"author":[{"embeddable":true,"href":"https:\/\/apbterapeuta.pl\/index.php?rest_route=\/wp\/v2\/users\/1"}],"replies":[{"embeddable":true,"href":"https:\/\/apbterapeuta.pl\/index.php?rest_route=%2Fwp%2Fv2%2Fcomments&post=22"}],"version-history":[{"count":24,"href":"https:\/\/apbterapeuta.pl\/index.php?rest_route=\/wp\/v2\/pages\/22\/revisions"}],"predecessor-version":[{"id":141,"href":"https:\/\/apbterapeuta.pl\/index.php?rest_route=\/wp\/v2\/pages\/22\/revisions\/141"}],"wp:attachment":[{"href":"https:\/\/apbterapeuta.pl\/index.php?rest_route=%2Fwp%2Fv2%2Fmedia&parent=22"}],"curies":[{"name":"wp","href":"https:\/\/api.w.org\/{rel}","templated":true}]}}