{"id":20,"date":"2025-04-28T11:51:25","date_gmt":"2025-04-28T11:51:25","guid":{"rendered":"https:\/\/apbterapeuta.seraphinproject.pl\/?page_id=20"},"modified":"2025-05-25T17:43:17","modified_gmt":"2025-05-25T17:43:17","slug":"cennik","status":"publish","type":"page","link":"https:\/\/apbterapeuta.pl\/?page_id=20","title":{"rendered":"Cennik"},"content":{"rendered":"\n<p><\/p>\n\n\n\n<figure class=\"wp-block-table\"><table class=\"has-fixed-layout\"><tbody><tr><td>Kwalifikacja do Treningu Umiej\u0119tno\u015bci Spo\u0142ecznych (TUS) + Terapia TUS<\/td><td>150z\u0142\/60min<\/td><\/tr><\/tbody><\/table><\/figure>\n\n\n\n<p><\/p>\n\n\n\n<figure class=\"wp-block-table\"><table class=\"has-fixed-layout\"><tbody><tr><td><strong>Terapia psychologiczno-pedagogiczna, konsultacje i terapia rodzinna<\/strong><\/td><td><\/td><\/tr><tr><td>Terapia dzieci i m\u0142odzie\u017cy<\/td><td>180z\u0142\/60min<\/td><\/tr><tr><td>Terapia doros\u0142ych<\/td><td>200z\u0142\/60min<\/td><\/tr><tr><td>Terapia rodzinna<\/td><td>250z\u0142\/60min<\/td><\/tr><\/tbody><\/table><\/figure>\n\n\n\n<p><\/p>\n\n\n\n<figure class=\"wp-block-table\"><table class=\"has-fixed-layout\"><tbody><tr><td><strong>Terapia R\u0119ki<\/strong><\/td><td><\/td><\/tr><tr><td>Diagnoza terapii r\u0119ki<\/td><td>200z\u0142<\/td><\/tr><tr><td>Terapia r\u0119ki<\/td><td>150z\u0142\/60min<\/td><\/tr><\/tbody><\/table><\/figure>\n\n\n\n<p><\/p>\n\n\n\n<figure class=\"wp-block-table\"><table class=\"has-fixed-layout\"><tbody><tr><td>&nbsp;<strong>Gimnastyka korekcyjna<\/strong><\/td><td><\/td><\/tr><tr><td>Dzieci<\/td><td>120z\u0142\/45min<\/td><\/tr><\/tbody><\/table><\/figure>\n\n\n\n<p><\/p>\n\n\n\n<p><strong>Kontakt: 728 392 576<\/strong><br><strong>Je\u015bli masz pytania lub chcesz um\u00f3wi\u0107 wizyt\u0119, skontaktuj si\u0119 z nami!<\/strong><\/p>\n\n\n\n<p><\/p>\n","protected":false},"excerpt":{"rendered":"<p>Kwalifikacja do Treningu Umiej\u0119tno\u015bci Spo\u0142ecznych (TUS) + Terapia TUS 150z\u0142\/60min Terapia psychologiczno-pedagogiczna, konsultacje i terapia rodzinna Terapia dzieci i m\u0142odzie\u017cy &hellip; <\/p>\n","protected":false},"author":1,"featured_media":0,"parent":0,"menu_order":0,"comment_status":"closed","ping_status":"closed","template":"","meta":{"_coachify_sidebar_layout":"","footnotes":""},"class_list":["post-20","page","type-page","status-publish","hentry","image-hover-transition-effect"],"_links":{"self":[{"href":"https:\/\/apbterapeuta.pl\/index.php?rest_route=\/wp\/v2\/pages\/20","targetHints":{"allow":["GET"]}}],"collection":[{"href":"https:\/\/apbterapeuta.pl\/index.php?rest_route=\/wp\/v2\/pages"}],"about":[{"href":"https:\/\/apbterapeuta.pl\/index.php?rest_route=\/wp\/v2\/types\/page"}],"author":[{"embeddable":true,"href":"https:\/\/apbterapeuta.pl\/index.php?rest_route=\/wp\/v2\/users\/1"}],"replies":[{"embeddable":true,"href":"https:\/\/apbterapeuta.pl\/index.php?rest_route=%2Fwp%2Fv2%2Fcomments&post=20"}],"version-history":[{"count":5,"href":"https:\/\/apbterapeuta.pl\/index.php?rest_route=\/wp\/v2\/pages\/20\/revisions"}],"predecessor-version":[{"id":131,"href":"https:\/\/apbterapeuta.pl\/index.php?rest_route=\/wp\/v2\/pages\/20\/revisions\/131"}],"wp:attachment":[{"href":"https:\/\/apbterapeuta.pl\/index.php?rest_route=%2Fwp%2Fv2%2Fmedia&parent=20"}],"curies":[{"name":"wp","href":"https:\/\/api.w.org\/{rel}","templated":true}]}}